{"id":4735,"date":"2023-03-30T14:14:17","date_gmt":"2023-03-30T17:14:17","guid":{"rendered":"https:\/\/sprint.td.utfpr.edu.br\/?page_id=4735"},"modified":"2026-05-05T14:27:25","modified_gmt":"2026-05-05T17:27:25","slug":"editais","status":"publish","type":"page","link":"https:\/\/sprint.td.utfpr.edu.br\/?page_id=4735","title":{"rendered":"Editais"},"content":{"rendered":"\t\t<div data-elementor-type=\"wp-page\" data-elementor-id=\"4735\" class=\"elementor elementor-4735\">\n\t\t\t\t<div class=\"elementor-element elementor-element-e03d1db e-flex e-con-boxed e-con e-parent\" data-id=\"e03d1db\" data-element_type=\"container\" data-e-type=\"container\">\n\t\t\t\t\t<div class=\"e-con-inner\">\n\t\t\t\t<div class=\"elementor-element elementor-element-bb4a57b elementor-widget elementor-widget-accordion\" data-id=\"bb4a57b\" data-element_type=\"widget\" data-e-type=\"widget\" data-widget_type=\"accordion.default\">\n\t\t\t\t<div class=\"elementor-widget-container\">\n\t\t\t\t\t\t\t<div class=\"elementor-accordion\">\n\t\t\t\t\t\t\t<div class=\"elementor-accordion-item\">\n\t\t\t\t\t<div id=\"elementor-tab-title-1961\" class=\"elementor-tab-title\" data-tab=\"1\" role=\"button\" aria-controls=\"elementor-tab-content-1961\" aria-expanded=\"false\">\n\t\t\t\t\t\t\t\t\t\t\t\t<a class=\"elementor-accordion-title\" tabindex=\"0\">Edital de chamada p\u00fablica  para incuba\u00e7\u00e3o - 2026<\/a>\n\t\t\t\t\t<\/div>\n\t\t\t\t\t<div id=\"elementor-tab-content-1961\" class=\"elementor-tab-content elementor-clearfix\" data-tab=\"1\" role=\"region\" aria-labelledby=\"elementor-tab-title-1961\"><p><a href=\"https:\/\/www.utfpr.edu.br\/editais\/relacoes-empresariais-e-comunitarias\/toledo\/edital-004-2026-direc-td-chamada-publica-de-selecao-de-empreendimentos\" target=\"_blank\" rel=\"noopener\">Edital de sele\u00e7\u00e3o<\/a><\/p><p><a href=\"https:\/\/www.utfpr.edu.br\/editais\/relacoes-empresariais-e-comunitarias\/toledo\/edital-direc-002-2025-chamada-publica-de-selecao-para-empreendimentos-incubados\" target=\"_blank\" rel=\"noopener\">Resultados<\/a><\/p><\/div>\n\t\t\t\t<\/div>\n\t\t\t\t\t\t\t\t<\/div>\n\t\t\t\t\t\t<\/div>\n\t\t\t\t<\/div>\n\t\t\t\t\t<\/div>\n\t\t\t\t<\/div>\n\t\t\t\t<\/div>\n\t\t","protected":false},"excerpt":{"rendered":"<p>Edital de chamada p\u00fablica para incuba\u00e7\u00e3o &#8211; 2026 Edital de sele\u00e7\u00e3o Resultados<\/p>\n","protected":false},"author":1,"featured_media":0,"parent":0,"menu_order":3,"comment_status":"closed","ping_status":"closed","template":"elementor_header_footer","meta":{"footnotes":""},"class_list":["post-4735","page","type-page","status-publish","hentry","rishi-post","no-post-thumbnail"],"rishi__cb_customizer_meta":"","_links":{"self":[{"href":"https:\/\/sprint.td.utfpr.edu.br\/index.php?rest_route=\/wp\/v2\/pages\/4735","targetHints":{"allow":["GET"]}}],"collection":[{"href":"https:\/\/sprint.td.utfpr.edu.br\/index.php?rest_route=\/wp\/v2\/pages"}],"about":[{"href":"https:\/\/sprint.td.utfpr.edu.br\/index.php?rest_route=\/wp\/v2\/types\/page"}],"author":[{"embeddable":true,"href":"https:\/\/sprint.td.utfpr.edu.br\/index.php?rest_route=\/wp\/v2\/users\/1"}],"replies":[{"embeddable":true,"href":"https:\/\/sprint.td.utfpr.edu.br\/index.php?rest_route=%2Fwp%2Fv2%2Fcomments&post=4735"}],"version-history":[{"count":85,"href":"https:\/\/sprint.td.utfpr.edu.br\/index.php?rest_route=\/wp\/v2\/pages\/4735\/revisions"}],"predecessor-version":[{"id":7384,"href":"https:\/\/sprint.td.utfpr.edu.br\/index.php?rest_route=\/wp\/v2\/pages\/4735\/revisions\/7384"}],"wp:attachment":[{"href":"https:\/\/sprint.td.utfpr.edu.br\/index.php?rest_route=%2Fwp%2Fv2%2Fmedia&parent=4735"}],"curies":[{"name":"wp","href":"https:\/\/api.w.org\/{rel}","templated":true}]}}