{"id":4911,"date":"2023-03-31T08:46:28","date_gmt":"2023-03-31T11:46:28","guid":{"rendered":"https:\/\/sprint.td.utfpr.edu.br\/?page_id=4911"},"modified":"2023-08-21T09:02:08","modified_gmt":"2023-08-21T12:02:08","slug":"etapas","status":"publish","type":"page","link":"https:\/\/sprint.td.utfpr.edu.br\/?page_id=4911","title":{"rendered":"Etapas"},"content":{"rendered":"\t\t<div data-elementor-type=\"wp-page\" data-elementor-id=\"4911\" class=\"elementor elementor-4911\">\n\t\t\t\t\t\t<section class=\"elementor-section elementor-top-section elementor-element elementor-element-3e875f2 elementor-section-boxed elementor-section-height-default elementor-section-height-default\" data-id=\"3e875f2\" data-element_type=\"section\" data-e-type=\"section\">\n\t\t\t\t\t\t<div class=\"elementor-container elementor-column-gap-default\">\n\t\t\t\t\t<div class=\"elementor-column elementor-col-100 elementor-top-column elementor-element elementor-element-6ff85ee\" data-id=\"6ff85ee\" data-element_type=\"column\" data-e-type=\"column\">\n\t\t\t<div class=\"elementor-widget-wrap elementor-element-populated\">\n\t\t\t\t\t\t<div class=\"elementor-element elementor-element-52dfdcc elementor-widget elementor-widget-heading\" data-id=\"52dfdcc\" data-element_type=\"widget\" data-e-type=\"widget\" data-widget_type=\"heading.default\">\n\t\t\t\t<div class=\"elementor-widget-container\">\n\t\t\t\t\t<h2 class=\"elementor-heading-title elementor-size-default\">Etapas do processo de sele\u00e7\u00e3o<\/h2>\t\t\t\t<\/div>\n\t\t\t\t<\/div>\n\t\t\t\t\t<\/div>\n\t\t<\/div>\n\t\t\t\t\t<\/div>\n\t\t<\/section>\n\t\t\t\t<section class=\"elementor-section elementor-top-section elementor-element elementor-element-2bb04e4 elementor-section-height-full elementor-section-boxed elementor-section-height-default elementor-section-items-middle\" data-id=\"2bb04e4\" data-element_type=\"section\" data-e-type=\"section\">\n\t\t\t\t\t\t<div class=\"elementor-container elementor-column-gap-default\">\n\t\t\t\t\t<div class=\"elementor-column elementor-col-100 elementor-top-column elementor-element elementor-element-2a6164a\" data-id=\"2a6164a\" data-element_type=\"column\" data-e-type=\"column\">\n\t\t\t<div class=\"elementor-widget-wrap elementor-element-populated\">\n\t\t\t\t\t\t<div class=\"elementor-element elementor-element-ee8518c elementor-widget elementor-widget-image\" data-id=\"ee8518c\" data-element_type=\"widget\" data-e-type=\"widget\" data-widget_type=\"image.default\">\n\t\t\t\t<div class=\"elementor-widget-container\">\n\t\t\t\t\t\t\t\t\t\t\t\t\t\t\t<img fetchpriority=\"high\" decoding=\"async\" width=\"750\" height=\"1736\" src=\"https:\/\/sprint.td.utfpr.edu.br\/wp-content\/uploads\/2023\/04\/Caminho-do-processo-com-texto-768x1778.png\" class=\"attachment-medium_large size-medium_large wp-image-5742\" alt=\"\" srcset=\"https:\/\/sprint.td.utfpr.edu.br\/wp-content\/uploads\/2023\/04\/Caminho-do-processo-com-texto-768x1778.png 768w, https:\/\/sprint.td.utfpr.edu.br\/wp-content\/uploads\/2023\/04\/Caminho-do-processo-com-texto-130x300.png 130w, https:\/\/sprint.td.utfpr.edu.br\/wp-content\/uploads\/2023\/04\/Caminho-do-processo-com-texto-442x1024.png 442w, https:\/\/sprint.td.utfpr.edu.br\/wp-content\/uploads\/2023\/04\/Caminho-do-processo-com-texto-664x1536.png 664w, https:\/\/sprint.td.utfpr.edu.br\/wp-content\/uploads\/2023\/04\/Caminho-do-processo-com-texto-885x2048.png 885w, https:\/\/sprint.td.utfpr.edu.br\/wp-content\/uploads\/2023\/04\/Caminho-do-processo-com-texto.png 1080w\" sizes=\"(max-width: 750px) 100vw, 750px\" \/>\t\t\t\t\t\t\t\t\t\t\t\t\t\t\t<\/div>\n\t\t\t\t<\/div>\n\t\t\t\t\t<\/div>\n\t\t<\/div>\n\t\t\t\t\t<\/div>\n\t\t<\/section>\n\t\t\t\t<section class=\"elementor-section elementor-top-section elementor-element elementor-element-7d3752b elementor-section-boxed elementor-section-height-default elementor-section-height-default\" data-id=\"7d3752b\" data-element_type=\"section\" data-e-type=\"section\">\n\t\t\t\t\t\t<div class=\"elementor-container elementor-column-gap-default\">\n\t\t\t\t\t<div class=\"elementor-column elementor-col-100 elementor-top-column elementor-element elementor-element-3aac7f9\" data-id=\"3aac7f9\" data-element_type=\"column\" data-e-type=\"column\">\n\t\t\t<div class=\"elementor-widget-wrap elementor-element-populated\">\n\t\t\t\t\t\t<div class=\"elementor-element elementor-element-e80debc elementor-widget elementor-widget-spacer\" data-id=\"e80debc\" data-element_type=\"widget\" data-e-type=\"widget\" data-widget_type=\"spacer.default\">\n\t\t\t\t<div class=\"elementor-widget-container\">\n\t\t\t\t\t\t\t<div class=\"elementor-spacer\">\n\t\t\t<div class=\"elementor-spacer-inner\"><\/div>\n\t\t<\/div>\n\t\t\t\t\t\t<\/div>\n\t\t\t\t<\/div>\n\t\t\t\t<div class=\"elementor-element elementor-element-90b9b3c elementor-align-center elementor-widget elementor-widget-button\" data-id=\"90b9b3c\" data-element_type=\"widget\" data-e-type=\"widget\" data-widget_type=\"button.default\">\n\t\t\t\t<div class=\"elementor-widget-container\">\n\t\t\t\t\t\t\t\t\t<div class=\"elementor-button-wrapper\">\n\t\t\t\t\t<a class=\"elementor-button elementor-button-link elementor-size-lg\" href=\"https:\/\/sprint.td.utfpr.edu.br\/?page_id=4913\">\n\t\t\t\t\t\t<span class=\"elementor-button-content-wrapper\">\n\t\t\t\t\t\t\t\t\t<span class=\"elementor-button-text\">Inscri\u00e7\u00e3o<\/span>\n\t\t\t\t\t<\/span>\n\t\t\t\t\t<\/a>\n\t\t\t\t<\/div>\n\t\t\t\t\t\t\t\t<\/div>\n\t\t\t\t<\/div>\n\t\t\t\t<div class=\"elementor-element elementor-element-6e8ec60 elementor-widget elementor-widget-spacer\" data-id=\"6e8ec60\" data-element_type=\"widget\" data-e-type=\"widget\" data-widget_type=\"spacer.default\">\n\t\t\t\t<div class=\"elementor-widget-container\">\n\t\t\t\t\t\t\t<div class=\"elementor-spacer\">\n\t\t\t<div class=\"elementor-spacer-inner\"><\/div>\n\t\t<\/div>\n\t\t\t\t\t\t<\/div>\n\t\t\t\t<\/div>\n\t\t\t\t\t<\/div>\n\t\t<\/div>\n\t\t\t\t\t<\/div>\n\t\t<\/section>\n\t\t\t\t<\/div>\n\t\t","protected":false},"excerpt":{"rendered":"<p>Etapas do processo de sele\u00e7\u00e3o Inscri\u00e7\u00e3o<\/p>\n","protected":false},"author":1,"featured_media":0,"parent":0,"menu_order":0,"comment_status":"closed","ping_status":"closed","template":"elementor_header_footer","meta":{"footnotes":""},"class_list":["post-4911","page","type-page","status-publish","hentry","rishi-post","no-post-thumbnail"],"rishi__cb_customizer_meta":"","_links":{"self":[{"href":"https:\/\/sprint.td.utfpr.edu.br\/index.php?rest_route=\/wp\/v2\/pages\/4911","targetHints":{"allow":["GET"]}}],"collection":[{"href":"https:\/\/sprint.td.utfpr.edu.br\/index.php?rest_route=\/wp\/v2\/pages"}],"about":[{"href":"https:\/\/sprint.td.utfpr.edu.br\/index.php?rest_route=\/wp\/v2\/types\/page"}],"author":[{"embeddable":true,"href":"https:\/\/sprint.td.utfpr.edu.br\/index.php?rest_route=\/wp\/v2\/users\/1"}],"replies":[{"embeddable":true,"href":"https:\/\/sprint.td.utfpr.edu.br\/index.php?rest_route=%2Fwp%2Fv2%2Fcomments&post=4911"}],"version-history":[{"count":67,"href":"https:\/\/sprint.td.utfpr.edu.br\/index.php?rest_route=\/wp\/v2\/pages\/4911\/revisions"}],"predecessor-version":[{"id":6506,"href":"https:\/\/sprint.td.utfpr.edu.br\/index.php?rest_route=\/wp\/v2\/pages\/4911\/revisions\/6506"}],"wp:attachment":[{"href":"https:\/\/sprint.td.utfpr.edu.br\/index.php?rest_route=%2Fwp%2Fv2%2Fmedia&parent=4911"}],"curies":[{"name":"wp","href":"https:\/\/api.w.org\/{rel}","templated":true}]}}